  {"id":68315,"date":"2023-04-04T15:44:59","date_gmt":"2023-04-04T12:44:59","guid":{"rendered":"https:\/\/www.pangea.global\/?page_id=68315"},"modified":"2023-12-28T16:17:41","modified_gmt":"2023-12-28T14:17:41","slug":"nous-contacter","status":"publish","type":"page","link":"https:\/\/www.pangea.global\/fr\/nous-contacter\/","title":{"rendered":"Nous contacter"},"content":{"rendered":"\n<section class=\"wp-block-uagb-columns uagb-columns__wrap uagb-columns__background-none uagb-columns__stack-mobile uagb-columns__valign- uagb-columns__gap-10 align uagb-block-ec127165 uagb-columns__columns-1 uagb-columns__max_width-theme\"><div class=\"uagb-columns__overlay\"><\/div><div class=\"uagb-columns__inner-wrap uagb-columns__columns-1\">\n<div class=\"wp-block-uagb-column uagb-column__wrap uagb-column__background-undefined uagb-block-49fb1193\"><div class=\"uagb-column__overlay\"><\/div><div class=\"wp-block-image\">\n<figure class=\"aligncenter size-large is-resized\"><img decoding=\"async\" src=\"https:\/\/cdn.pangea.global\/wp-content\/uploads\/2023\/03\/28145800\/Persona-Contact-Us-min-1024x443.png\" alt=\"\" class=\"wp-image-58967\" style=\"width:724px\" width=\"724\"\/><\/figure><\/div><\/div>\n<\/div><\/section>\n\n\n\n<section class=\"wp-block-uagb-columns uagb-columns__wrap uagb-columns__background-none uagb-columns__stack-mobile uagb-columns__valign- uagb-columns__gap-10 align uagb-block-0f9e712e uagb-columns__columns-1 uagb-columns__max_width-custom quality-statement-text contact-us-sec-wrap\"><div class=\"uagb-columns__overlay\"><\/div><div class=\"uagb-columns__inner-wrap uagb-columns__columns-1\">\n<div class=\"wp-block-uagb-column uagb-column__wrap uagb-column__background-undefined uagb-block-0c049ec3 quality-statement-content common-text\"><div class=\"uagb-column__overlay\"><\/div>\n<h1 class=\"wp-block-heading has-text-align-center has-text-color\" style=\"color:#332525;font-style:normal;font-weight:600;text-transform:uppercase\">NOUS CONTACTER<\/h1>\n\n\n\n<h2 class=\"wp-block-heading has-text-align-center\" style=\"font-size:25px;font-style:normal;font-weight:700;text-transform:uppercase\">permettez-nous d&#8217;\u00e9valuer votre demande<\/h2>\n\n\n\n<div class=\"wp-block-group contact-us-title is-layout-flow wp-block-group-is-layout-flow\"><div class=\"wp-block-group__inner-container\"><div role=\"form\" class=\"wpcf7\" id=\"wpcf7-f70287-o1\" lang=\"fr-FR\" dir=\"ltr\">\n<div class=\"screen-reader-response\"><p role=\"status\" aria-live=\"polite\" aria-atomic=\"true\"><\/p> <ul><\/ul><\/div>\n<form action=\"\/fr\/wp-json\/wp\/v2\/pages\/68315#wpcf7-f70287-o1\" method=\"post\" class=\"wpcf7-form init\" novalidate=\"novalidate\" data-status=\"init\">\n<div style=\"display: none;\">\n<input type=\"hidden\" name=\"_wpcf7\" value=\"70287\" \/>\n<input type=\"hidden\" name=\"_wpcf7_version\" value=\"5.6\" \/>\n<input type=\"hidden\" name=\"_wpcf7_locale\" value=\"fr_FR\" \/>\n<input type=\"hidden\" name=\"_wpcf7_unit_tag\" value=\"wpcf7-f70287-o1\" \/>\n<input type=\"hidden\" name=\"_wpcf7_container_post\" value=\"0\" \/>\n<input type=\"hidden\" name=\"_wpcf7_posted_data_hash\" value=\"\" \/>\n<input type=\"hidden\" name=\"_wpcf7_recaptcha_response\" value=\"\" \/>\n<\/div>\n<div class=\"flexbox contact_form_page\" style=\"justify-content: center;\">\n  <div class=\"form-input-left\"><input type=\"hidden\" name=\"client_id\" value=\"\" class=\"wpcf7-form-control wpcf7-hidden\" id=\"client_id\" \/>\n<input type=\"hidden\" name=\"client_ip\" id=\"client_ip\" value=\"172.17.0.1\"\/>\n<input type=\"hidden\" name=\"country\" value=\"\" class=\"wpcf7-form-control wpcf7-hidden\" \/>\n<input type=\"hidden\" name=\"facebook_id\" value=\"\" class=\"wpcf7-form-control wpcf7-hidden\" id=\"facebook_id\" \/>\n<input type=\"hidden\" name=\"source\" value=\"\" class=\"wpcf7-form-control wpcf7-hidden\" \/>\n   <ul>\n      <li><span class=\"wpcf7-form-control-wrap\" data-name=\"your-name\"><input type=\"text\" name=\"your-name\" value=\"\" size=\"40\" class=\"wpcf7-form-control wpcf7-text wpcf7-validates-as-required\" aria-required=\"true\" aria-invalid=\"false\" placeholder=\"Nom et pr\u00e9nom*\" \/><\/span>  <\/li>\n\n   <li><span class=\"wpcf7-form-control-wrap\" data-name=\"your-email\"><input type=\"email\" name=\"your-email\" value=\"\" size=\"40\" class=\"wpcf7-form-control wpcf7-text wpcf7-email wpcf7-validates-as-required wpcf7-validates-as-email\" aria-required=\"true\" aria-invalid=\"false\" placeholder=\"E-mail*\" \/><\/span><\/li>\n\n    <li><span class=\"wpcf7-form-control-wrap\" data-name=\"your-tel\"><input type=\"tel\" name=\"your-tel\" value=\"\" size=\"40\" class=\"wpcf7-form-control wpcf7-text wpcf7-tel wpcf7-validates-as-tel\" aria-invalid=\"false\" placeholder=\"T\u00e9l\u00e9phone\" \/><\/span><\/li>\n <\/ul>\n\n  <\/div>\n  \n  <div class=\"form_vc_page_textarea__wrapper form-input-right\">\n\n    <span class=\"wpcf7-form-control-wrap\" data-name=\"your-message\"><textarea name=\"your-message\" cols=\"40\" rows=\"7\" class=\"wpcf7-form-control wpcf7-textarea\" aria-invalid=\"false\" placeholder=\"message\"><\/textarea><\/span>\n   \n  <\/div>\n<\/div>\n  <div class=\"contact-btn\" style=\"text-align: center;\">\n <span class=\"wpcf7-form-control-wrap recaptcha\" data-name=\"recaptcha\"><span data-sitekey=\"6Let3QgbAAAAAO4nolyaWlcFgS3kJGHutC8V22oD\" data-align=\"center\" class=\"wpcf7-form-control g-recaptcha wpcf7-recaptcha\" id=\"g-captcha\"><\/span>\r\n<noscript>\r\n\t<div class=\"grecaptcha-noscript\">\r\n\t\t<iframe src=\"https:\/\/www.google.com\/recaptcha\/api\/fallback?k=6Let3QgbAAAAAO4nolyaWlcFgS3kJGHutC8V22oD\" frameborder=\"0\" scrolling=\"no\" width=\"310\" height=\"430\">\r\n\t\t<\/iframe>\r\n\t\t<textarea name=\"g-recaptcha-response\" rows=\"3\" cols=\"40\" placeholder=\"reCaptcha Response Here\">\r\n\t\t<\/textarea>\r\n\t<\/div>\r\n<\/noscript>\r\n<\/span>\n <span id=\"wpcf7-69d7adfc2c9e5-wrapper\" class=\"wpcf7-form-control-wrap honeypot-608-wrap\"><label for=\"contactpot\" class=\"hp-message\">Please leave this field empty.<\/label><input id=\"contactpot\"  class=\"wpcf7-form-control wpcf7-text\" type=\"text\" name=\"honeypot-608\" value=\"\" size=\"40\" tabindex=\"-1\" autocomplete=\"new-password\" \/><\/span>\n        <input type=\"submit\" value=\"Contactez-nous\" class=\"wpcf7-form-control has-spinner wpcf7-submit\" \/>\n     <\/div>\n<style>\n.wpcf7-form-control.wpcf7-submit{\n    width: 100%;\n    max-width: 305px;\n}\ndiv.wpcf7 .ajax-loader {\n  display: none;\n}\n.contact_form_page div:first-child{\n  padding-right: 15px;\n}\n.contact_form_page span input,\n.contact_form_page span textarea{\n  width: 100%;\n}\n@media screen and (max-width: 600px) {\n    .contact_form_page {\n        flex-wrap: wrap;\npadding:20px;\n\n    }\n.contact_form_page input{\nmargin-bottom:20px;\n}\n  .contact_form_page div:first-child{\n      padding-right: 0;\n   }\n}\n<\/style><p style=\"display: none !important;\"><label>&#916;<textarea name=\"_wpcf7_ak_hp_textarea\" cols=\"45\" rows=\"8\" maxlength=\"100\"><\/textarea><\/label><input type=\"hidden\" id=\"ak_js_1\" name=\"_wpcf7_ak_js\" value=\"11\"\/><script>document.getElementById( \"ak_js_1\" ).setAttribute( \"value\", ( new Date() ).getTime() );<\/script><\/p><div class=\"wpcf7-response-output\" aria-hidden=\"true\"><\/div><\/form><\/div>\n<\/div><\/div>\n<\/div>\n<\/div><\/section>\n\n\n\n<section class=\"wp-block-uagb-columns uagb-columns__wrap uagb-columns__background-none uagb-columns__stack-mobile uagb-columns__valign- uagb-columns__gap-10 align uagb-block-61abfc69 uagb-columns__columns-1 uagb-columns__max_width-custom pangea-translation-services\"><div class=\"uagb-columns__overlay\"><\/div><div class=\"uagb-columns__inner-wrap uagb-columns__columns-1\">\n<div class=\"wp-block-uagb-column uagb-column__wrap uagb-column__background-undefined uagb-block-61a311f8 service-ltd\"><div class=\"uagb-column__overlay\"><\/div>\n<h2 class=\"wp-block-heading has-text-align-center has-text-color has-medium-font-size\" style=\"color:#332525;font-style:normal;font-weight:700;text-transform:uppercase\">Pangea Translation Services LTD<\/h2>\n\n\n\n<section class=\"wp-block-uagb-columns uagb-columns__wrap uagb-columns__background-none uagb-columns__stack-mobile uagb-columns__valign- uagb-columns__gap-10 align uagb-block-71701ab6 uagb-columns__columns-2 uagb-columns__max_width-custom contact-us-details\"><div class=\"uagb-columns__overlay\"><\/div><div class=\"uagb-columns__inner-wrap uagb-columns__columns-2\">\n<div class=\"wp-block-uagb-column uagb-column__wrap uagb-column__background-undefined uagb-block-480ffe9d contact-us-details-inner\"><div class=\"uagb-column__overlay\"><\/div>\n<h2 class=\"wp-block-heading has-text-align-center has-text-color\" style=\"color:#4ba5a5;font-size:25px;font-style:normal;font-weight:600\">Bureau de Limassol<\/h2>\n\n\n\n<p>Arch.Leontiou A\u2019 254, 3020 Limassol, Chypre<\/p>\n\n\n\n<p class=\"office\">Bureau&nbsp;: <a href=\"tel:35725252150\">+357 25 252 150<\/a><\/p>\n<\/div>\n\n\n\n<div class=\"wp-block-uagb-column uagb-column__wrap uagb-column__background-undefined uagb-block-a075cc0a contact-us-details-inner\"><div class=\"uagb-column__overlay\"><\/div>\n<h2 class=\"wp-block-heading has-text-align-center has-text-color\" style=\"color:#4ba5a5;font-size:25px;font-style:normal;font-weight:600\">Bureau de Kyiv<\/h2>\n\n\n\n<p>Office 28, Mezhyhirska Street, 3\/7, 04071 Kyiv, Ukraine<\/p>\n\n\n\n<p class=\"office\">Bureau&nbsp;: <a href=\"tel:380443395212\">+380443395212<\/a><\/p>\n<\/div>\n<\/div><\/section>\n\n\n\n<section class=\"wp-block-uagb-columns uagb-columns__wrap uagb-columns__background-none uagb-columns__stack-mobile uagb-columns__valign- uagb-columns__gap-10 align uagb-block-06181300 uagb-columns__columns-2 uagb-columns__max_width-custom contact-us-details\"><div class=\"uagb-columns__overlay\"><\/div><div class=\"uagb-columns__inner-wrap uagb-columns__columns-2\">\n<div class=\"wp-block-uagb-column uagb-column__wrap uagb-column__background-undefined uagb-block-bb5c6023 contact-us-details-inner\"><div class=\"uagb-column__overlay\"><\/div>\n<h2 class=\"wp-block-heading has-text-align-center has-text-color\" style=\"color:#4ba5a5;font-size:25px;font-style:normal;font-weight:600\">Bureau de Londres<\/h2>\n\n\n\n<p>Office 58A 182 \u2013 184 High Street North East Ham London E6 2JA<\/p>\n\n\n\n<p class=\"office\">Bureau&nbsp;: <a href=\"tel:+442037695126\">+442037695126<\/a><\/p>\n<\/div>\n\n\n\n<div class=\"wp-block-uagb-column uagb-column__wrap uagb-column__background-undefined uagb-block-aecd7c40 contact-us-details-inner\"><div class=\"uagb-column__overlay\"><\/div>\n<h2 class=\"wp-block-heading has-text-align-center has-text-color\" style=\"color:#4ba5a5;font-size:25px;font-style:normal;font-weight:600\">Bureau de Boston<\/h2>\n\n\n\n<p>867 Boylston Street, Boston, MA 02116, \u00c9tats-Unis<\/p>\n\n\n\n<p class=\"office\">Bureau&nbsp;: <a href=\"tel:380443395212\">+380443395212<\/a><\/p>\n<\/div>\n<\/div><\/section>\n\n\n\n<section class=\"wp-block-uagb-columns uagb-columns__wrap uagb-columns__background-none uagb-columns__stack-mobile uagb-columns__valign- uagb-columns__gap-10 align uagb-block-f9dcbe45 uagb-columns__columns-1 uagb-columns__max_width-custom contact-us-details\"><div class=\"uagb-columns__overlay\"><\/div><div class=\"uagb-columns__inner-wrap uagb-columns__columns-1\">\n<div class=\"wp-block-uagb-column uagb-column__wrap uagb-column__background-undefined uagb-block-00af205b contact-us-details-inner\"><div class=\"uagb-column__overlay\"><\/div>\n<h2 class=\"wp-block-heading has-text-align-center has-text-color\" style=\"color:#4ba5a5;font-size:25px;font-style:normal;font-weight:600\">Krakow Office<\/h2>\n\n\n\n<p>Plac Wolnica, nr 13, lok 10. Krakow, 31-060<br \/>Polska.<\/p>\n\n\n\n<p class=\"office\">Office: <a href=\"tel:+48123450280\">+48123450280<\/a><\/p>\n<\/div>\n<\/div><\/section>\n<\/div>\n<\/div><\/section>\n","protected":false},"excerpt":{"rendered":"<p>NOUS CONTACTER permettez-nous d&#8217;\u00e9valuer votre demande Pangea Translation Services LTD Bureau de Limassol Arch.Leontiou A\u2019 254, 3020 Limassol, Chypre Bureau&nbsp;: +357 25 252 150 Bureau de Kyiv Office 28, Mezhyhirska Street, 3\/7, 04071 Kyiv, Ukraine Bureau&nbsp;: +380443395212 Bureau de Londres Office 58A 182 \u2013 184 High Street North East Ham London E6 2JA Bureau&nbsp;: +442037695126<a class=\"read-more\" href=\"https:\/\/www.pangea.global\/fr\/nous-contacter\/\"> &#8230; Read More<\/a><\/p>\n","protected":false},"author":12,"featured_media":27034,"parent":0,"menu_order":0,"comment_status":"closed","ping_status":"closed","template":"game-localization-sevices-new.php","meta":{"content-type":"","_uag_custom_page_level_css":"","footnotes":""},"acf":[],"yoast_head":"<!-- This site is optimized with the Yoast SEO plugin v19.1 - https:\/\/yoast.com\/wordpress\/plugins\/seo\/ -->\n<title>Nous contacter | Pangea Localization Services %<\/title>\n<meta name=\"description\" content=\"Contactez-nous et b\u00e9n\u00e9ficiez d&#039;un r\u00e9sultat parfait en mati\u00e8re de traduction et de localisation. Obtenez un devis gratuit maintenant\u00a0! \u2713100\u00a0% de satisfaction client \u2713Plus de 70 Langues \u2713CERTIFICATION ISO \u2713Livraison le jour m\u00eame\" \/>\n<meta name=\"robots\" content=\"index, follow, max-snippet:-1, max-image-preview:large, max-video-preview:-1\" \/>\n<link rel=\"canonical\" href=\"https:\/\/www.pangea.global\/fr\/nous-contacter\/\" \/>\n<!-- \/ Yoast SEO plugin. -->","yoast_head_json":{"title":"Nous contacter | Pangea Localization Services %","description":"Contactez-nous et b\u00e9n\u00e9ficiez d'un r\u00e9sultat parfait en mati\u00e8re de traduction et de localisation. Obtenez un devis gratuit maintenant\u00a0! \u2713100\u00a0% de satisfaction client \u2713Plus de 70 Langues \u2713CERTIFICATION ISO \u2713Livraison le jour m\u00eame","robots":{"index":"index","follow":"follow","max-snippet":"max-snippet:-1","max-image-preview":"max-image-preview:large","max-video-preview":"max-video-preview:-1"},"canonical":"https:\/\/www.pangea.global\/fr\/nous-contacter\/","schema":{"@context":"https:\/\/schema.org","@graph":[{"@type":"Organization","@id":"https:\/\/www.pangea.global\/#organization","name":"Pangea Translation Services","url":"https:\/\/www.pangea.global\/","sameAs":["https:\/\/www.instagram.com\/pangea_global\/","https:\/\/www.linkedin.com\/company\/pangea-language-service\/","https:\/\/www.pinterest.com\/pangealocalizat\/pins\/","https:\/\/www.youtube.com\/channel\/UCKlcUH-8dbg7eZy-nZyDREw","https:\/\/www.facebook.com\/PangeaLocalizationServices\/","https:\/\/twitter.com\/Pangea_Local"],"logo":{"@type":"ImageObject","inLanguage":"fr-FR","@id":"https:\/\/www.pangea.global\/#\/schema\/logo\/image\/","url":"https:\/\/cdn.pangea.global\/wp-content\/uploads\/2025\/08\/12120654\/pangea_logo_updated.png","contentUrl":"https:\/\/cdn.pangea.global\/wp-content\/uploads\/2025\/08\/12120654\/pangea_logo_updated.png","width":150,"height":150,"caption":"Pangea Translation Services"},"image":{"@id":"https:\/\/www.pangea.global\/#\/schema\/logo\/image\/"}},{"@type":"WebSite","@id":"https:\/\/www.pangea.global\/#website","url":"https:\/\/www.pangea.global\/","name":"Pangea Localization Services","description":"For Professionals, By Professionals","publisher":{"@id":"https:\/\/www.pangea.global\/#organization"},"potentialAction":[{"@type":"SearchAction","target":{"@type":"EntryPoint","urlTemplate":"https:\/\/www.pangea.global\/?s={search_term_string}"},"query-input":"required name=search_term_string"}],"inLanguage":"fr-FR"},{"@type":"ImageObject","inLanguage":"fr-FR","@id":"https:\/\/www.pangea.global\/fr\/nous-contacter\/#primaryimage","url":"https:\/\/www.pangea.global\/wp-content\/uploads\/2021\/03\/translation_main.jpg","contentUrl":"https:\/\/www.pangea.global\/wp-content\/uploads\/2021\/03\/translation_main.jpg","width":1903,"height":619,"caption":"Translation & Localization_service"},{"@type":"WebPage","@id":"https:\/\/www.pangea.global\/fr\/nous-contacter\/#webpage","url":"https:\/\/www.pangea.global\/fr\/nous-contacter\/","name":"Nous contacter | Pangea Localization Services %","isPartOf":{"@id":"https:\/\/www.pangea.global\/#website"},"primaryImageOfPage":{"@id":"https:\/\/www.pangea.global\/fr\/nous-contacter\/#primaryimage"},"datePublished":"2023-04-04T12:44:59+00:00","dateModified":"2023-12-28T14:17:41+00:00","description":"Contactez-nous et b\u00e9n\u00e9ficiez d'un r\u00e9sultat parfait en mati\u00e8re de traduction et de localisation. Obtenez un devis gratuit maintenant\u00a0! \u2713100\u00a0% de satisfaction client \u2713Plus de 70 Langues \u2713CERTIFICATION ISO \u2713Livraison le jour m\u00eame","breadcrumb":{"@id":"https:\/\/www.pangea.global\/fr\/nous-contacter\/#breadcrumb"},"inLanguage":"fr-FR","potentialAction":[{"@type":"ReadAction","target":["https:\/\/www.pangea.global\/fr\/nous-contacter\/"]}]},{"@type":"BreadcrumbList","@id":"https:\/\/www.pangea.global\/fr\/nous-contacter\/#breadcrumb","itemListElement":[{"@type":"ListItem","position":1,"name":"Home","item":"https:\/\/www.pangea.global\/fr\/"},{"@type":"ListItem","position":2,"name":"Nous contacter"}]}]}},"uagb_featured_image_src":{"full":["https:\/\/www.pangea.global\/wp-content\/uploads\/2021\/03\/translation_main.jpg",1903,619,false],"thumbnail":["https:\/\/www.pangea.global\/wp-content\/uploads\/2021\/03\/translation_main-150x150.jpg",150,150,true],"medium":["https:\/\/www.pangea.global\/wp-content\/uploads\/2021\/03\/translation_main-300x98.jpg",300,98,true],"medium_large":["https:\/\/www.pangea.global\/wp-content\/uploads\/2021\/03\/translation_main-768x250.jpg",768,250,true],"large":["https:\/\/www.pangea.global\/wp-content\/uploads\/2021\/03\/translation_main-1024x333.jpg",1024,333,true],"1536x1536":["https:\/\/www.pangea.global\/wp-content\/uploads\/2021\/03\/translation_main-1536x500.jpg",1536,500,true],"2048x2048":["https:\/\/www.pangea.global\/wp-content\/uploads\/2021\/03\/translation_main.jpg",1903,619,false]},"uagb_author_info":{"display_name":"Maksym","author_link":"https:\/\/www.pangea.global\/fr\/blog\/author\/developer\/"},"uagb_comment_info":0,"uagb_excerpt":"NOUS CONTACTER permettez-nous d&#8217;\u00e9valuer votre demande Pangea Translation Services LTD Bureau de Limassol Arch.Leontiou A\u2019 254, 3020 Limassol, Chypre Bureau&nbsp;: +357 25 252 150 Bureau de Kyiv Office 28, Mezhyhirska Street, 3\/7, 04071 Kyiv, Ukraine Bureau&nbsp;: +380443395212 Bureau de Londres Office 58A 182 \u2013 184 High Street North East Ham London E6 2JA Bureau&nbsp;: +442037695126\u2026","_links":{"self":[{"href":"https:\/\/www.pangea.global\/fr\/wp-json\/wp\/v2\/pages\/68315"}],"collection":[{"href":"https:\/\/www.pangea.global\/fr\/wp-json\/wp\/v2\/pages"}],"about":[{"href":"https:\/\/www.pangea.global\/fr\/wp-json\/wp\/v2\/types\/page"}],"author":[{"embeddable":true,"href":"https:\/\/www.pangea.global\/fr\/wp-json\/wp\/v2\/users\/12"}],"replies":[{"embeddable":true,"href":"https:\/\/www.pangea.global\/fr\/wp-json\/wp\/v2\/comments?post=68315"}],"version-history":[{"count":3,"href":"https:\/\/www.pangea.global\/fr\/wp-json\/wp\/v2\/pages\/68315\/revisions"}],"predecessor-version":[{"id":70290,"href":"https:\/\/www.pangea.global\/fr\/wp-json\/wp\/v2\/pages\/68315\/revisions\/70290"}],"wp:featuredmedia":[{"embeddable":true,"href":"https:\/\/www.pangea.global\/fr\/wp-json\/wp\/v2\/media\/27034"}],"wp:attachment":[{"href":"https:\/\/www.pangea.global\/fr\/wp-json\/wp\/v2\/media?parent=68315"}],"curies":[{"name":"wp","href":"https:\/\/api.w.org\/{rel}","templated":true}]}}