  {"id":68342,"date":"2023-01-06T14:45:07","date_gmt":"2023-01-06T12:45:07","guid":{"rendered":"https:\/\/www.pangea.global\/?page_id=68342"},"modified":"2025-08-13T02:28:27","modified_gmt":"2025-08-12T23:28:27","slug":"declaracion-calidad","status":"publish","type":"page","link":"https:\/\/www.pangea.global\/es\/declaracion-calidad\/","title":{"rendered":"Declaraci\u00f3n de calidad"},"content":{"rendered":"\n<section class=\"wp-block-uagb-columns uagb-columns__wrap uagb-columns__background-none uagb-columns__stack-mobile uagb-columns__valign- uagb-columns__gap-10 align uagb-block-4142363c uagb-columns__columns-1 uagb-columns__max_width-theme\"><div class=\"uagb-columns__overlay\"><\/div><div class=\"uagb-columns__inner-wrap uagb-columns__columns-1\">\n<div class=\"wp-block-uagb-column uagb-column__wrap uagb-column__background-undefined uagb-block-f287c64f\"><div class=\"uagb-column__overlay\"><\/div><div class=\"wp-block-image\">\n<figure class=\"aligncenter size-large is-resized\"><img decoding=\"async\" src=\"https:\/\/cdn.pangea.global\/wp-content\/uploads\/2023\/03\/27121714\/Persona-Quality-Statement-min-1024x490.png\" alt=\"\" class=\"wp-image-58886\" style=\"width:724px;height:500px\" width=\"724\" height=\"500\"\/><\/figure><\/div><\/div>\n<\/div><\/section>\n\n\n\n<section class=\"wp-block-uagb-columns uagb-columns__wrap uagb-columns__background-none uagb-columns__stack-mobile uagb-columns__valign- uagb-columns__gap-10 align uagb-block-7df2268b uagb-columns__columns-1 uagb-columns__max_width-custom quality-statement-text\"><div class=\"uagb-columns__overlay\"><\/div><div class=\"uagb-columns__inner-wrap uagb-columns__columns-1\">\n<div class=\"wp-block-uagb-column uagb-column__wrap uagb-column__background-undefined uagb-block-175d043a quality-statement-content common-text text-justfiy\"><div class=\"uagb-column__overlay\"><\/div>\n<h1 class=\"wp-block-heading has-text-align-center has-text-color\" style=\"color:#332525;font-style:normal;font-weight:600;text-transform:uppercase\">declaraci\u00f3n de calidad<\/h1>\n\n\n\n<p class=\"common-text has-text-color\" style=\"color:#332525;letter-spacing:0.2px\">Pangea Translation Services (Cyprus) LTD es un proveedor de servicios de traducci\u00f3n, localizaci\u00f3n y contenidos que se centra en ofrecer un servicio profesional de alta calidad y un plazo de entrega r\u00e1pido.<\/p>\n\n\n\n<p class=\"has-text-color\" style=\"color:#332525;letter-spacing:0px\"><\/p>\n\n\n\n<p class=\"common-text has-text-color\" style=\"color:#332525;letter-spacing:0px\">Nuestra meta es ayudar a las empresas a globalizarse y llegar a nuevos mercados en todo el mundo, proporcionando contenidos impactantes en mercados ultracompetitivos.<\/p>\n\n\n\n<p class=\"has-text-color\" style=\"color:#332525;letter-spacing:0px\"><\/p>\n\n\n\n<p class=\"common-text has-text-color\" style=\"color:#332525;letter-spacing:0px\">La direcci\u00f3n y el personal de Pangea Translation Services (Cyprus) LTD se comprometen a ofrecer soluciones completas y de alta calidad para las tareas presentadas por nuestros clientes.<\/p>\n\n\n\n<p class=\"has-text-color\" style=\"color:#332525;letter-spacing:0px\"><\/p>\n\n\n\n<p class=\"common-text has-text-color\" style=\"color:#332525;letter-spacing:0px\"><strong style=\"\n font-weight: 700 !important;\n font-family: poppins;\n letter-spacing: 0px;\n\">Nos comprometemos a mejorar continuamente todos los aspectos y actividades implicados en nuestro negocio para satisfacer las demandas<\/strong> crecientes y en constante cambio del mercado, ejerciendo un enfoque creativo y a la vez cumplidor en cada tarea.<\/p>\n<\/div>\n<\/div><\/section>\n\n\n\n<section class=\"wp-block-uagb-columns uagb-columns__wrap uagb-columns__background-none uagb-columns__stack-mobile uagb-columns__valign- uagb-columns__gap-10 align uagb-block-ead038c9 uagb-columns__columns-3 uagb-columns__max_width-custom quality-statement-image\"><div class=\"uagb-columns__overlay\"><\/div><div class=\"uagb-columns__inner-wrap uagb-columns__columns-3\">\n<div class=\"wp-block-uagb-column uagb-column__wrap uagb-column__background-undefined uagb-block-43f8fc0f\"><div class=\"uagb-column__overlay\"><\/div><div class=\"wp-block-image\">\n<figure class=\"aligncenter size-full is-resized\"><img decoding=\"async\" src=\"https:\/\/www.pangea.global\/wp-content\/uploads\/2025\/08\/Group-16.svg\" alt=\"\" class=\"wp-image-72826\" style=\"object-fit:contain;width:280px;height:200px\" width=\"280\" height=\"200\"\/><\/figure><\/div><\/div>\n\n\n\n<div class=\"wp-block-uagb-column uagb-column__wrap uagb-column__background-undefined uagb-block-3237d2f4\"><div class=\"uagb-column__overlay\"><\/div><div class=\"wp-block-image\">\n<figure class=\"aligncenter size-full is-resized\"><img decoding=\"async\" src=\"https:\/\/www.pangea.global\/wp-content\/uploads\/2025\/08\/Group-17.svg\" alt=\"\" class=\"wp-image-72831\" style=\"object-fit:contain;width:280px;height:200px\" width=\"280\" height=\"200\"\/><\/figure><\/div><\/div>\n\n\n\n<div class=\"wp-block-uagb-column uagb-column__wrap uagb-column__background-undefined uagb-block-15ec8293 american-image\"><div class=\"uagb-column__overlay\"><\/div><div class=\"wp-block-image\">\n<figure class=\"aligncenter size-full is-resized\"><img decoding=\"async\" src=\"https:\/\/www.pangea.global\/wp-content\/uploads\/2025\/08\/Group-18.svg\" alt=\"\" class=\"wp-image-72836\" style=\"height:200px\" height=\"200\"\/><\/figure><\/div><\/div>\n<\/div><\/section>\n","protected":false},"excerpt":{"rendered":"<p>declaraci\u00f3n de calidad Pangea Translation Services (Cyprus) LTD es un proveedor de servicios de traducci\u00f3n, localizaci\u00f3n y contenidos que se centra en ofrecer un servicio profesional de alta calidad y un plazo de entrega r\u00e1pido. Nuestra meta es ayudar a las empresas a globalizarse y llegar a nuevos mercados en todo el mundo, proporcionando contenidos<a class=\"read-more\" href=\"https:\/\/www.pangea.global\/es\/declaracion-calidad\/\"> &#8230; Read More<\/a><\/p>\n","protected":false},"author":12,"featured_media":0,"parent":0,"menu_order":0,"comment_status":"closed","ping_status":"closed","template":"game-localization-sevices-new.php","meta":{"content-type":"","_uag_custom_page_level_css":"","footnotes":""},"acf":[],"yoast_head":"<!-- This site is optimized with the Yoast SEO plugin v19.1 - https:\/\/yoast.com\/wordpress\/plugins\/seo\/ -->\n<title>Declaraci\u00f3n de calidad | Pangea Localization Services<\/title>\n<meta name=\"description\" content=\"Declaraci\u00f3n de calidad \u2713 Pangea Translation Services (Cyprus) LTD es un proveedor de servicios de traducci\u00f3n, localizaci\u00f3n y contenidos que se centra en ofrecer un servicio profesional de alta calidad y un plazo de entrega r\u00e1pido. \u00a1Pide ya un presupuesto gratuito! \u2713Un 100 % de clientes satisfechos \u2713M\u00e1s de 70 idiomas \u2713CERTIFICACI\u00d3N ISO \u2713Entrega el mismo d\u00eda\" \/>\n<meta name=\"robots\" content=\"index, follow, max-snippet:-1, max-image-preview:large, max-video-preview:-1\" \/>\n<link rel=\"canonical\" href=\"https:\/\/www.pangea.global\/es\/declaracion-calidad\/\" \/>\n<meta name=\"twitter:label1\" content=\"Est. reading time\" \/>\n\t<meta name=\"twitter:data1\" content=\"1 minuto\" \/>\n<!-- \/ Yoast SEO plugin. -->","yoast_head_json":{"title":"Declaraci\u00f3n de calidad | Pangea Localization Services","description":"Declaraci\u00f3n de calidad \u2713 Pangea Translation Services (Cyprus) LTD es un proveedor de servicios de traducci\u00f3n, localizaci\u00f3n y contenidos que se centra en ofrecer un servicio profesional de alta calidad y un plazo de entrega r\u00e1pido. \u00a1Pide ya un presupuesto gratuito! \u2713Un 100 % de clientes satisfechos \u2713M\u00e1s de 70 idiomas \u2713CERTIFICACI\u00d3N ISO \u2713Entrega el mismo d\u00eda","robots":{"index":"index","follow":"follow","max-snippet":"max-snippet:-1","max-image-preview":"max-image-preview:large","max-video-preview":"max-video-preview:-1"},"canonical":"https:\/\/www.pangea.global\/es\/declaracion-calidad\/","twitter_misc":{"Est. reading time":"1 minuto"},"schema":{"@context":"https:\/\/schema.org","@graph":[{"@type":"Organization","@id":"https:\/\/www.pangea.global\/#organization","name":"Pangea Translation Services","url":"https:\/\/www.pangea.global\/","sameAs":["https:\/\/www.instagram.com\/pangea_global\/","https:\/\/www.linkedin.com\/company\/pangea-language-service\/","https:\/\/www.pinterest.com\/pangealocalizat\/pins\/","https:\/\/www.youtube.com\/channel\/UCKlcUH-8dbg7eZy-nZyDREw","https:\/\/www.facebook.com\/PangeaLocalizationServices\/","https:\/\/twitter.com\/Pangea_Local"],"logo":{"@type":"ImageObject","inLanguage":"es","@id":"https:\/\/www.pangea.global\/#\/schema\/logo\/image\/","url":"https:\/\/cdn.pangea.global\/wp-content\/uploads\/2025\/08\/12120654\/pangea_logo_updated.png","contentUrl":"https:\/\/cdn.pangea.global\/wp-content\/uploads\/2025\/08\/12120654\/pangea_logo_updated.png","width":150,"height":150,"caption":"Pangea Translation Services"},"image":{"@id":"https:\/\/www.pangea.global\/#\/schema\/logo\/image\/"}},{"@type":"WebSite","@id":"https:\/\/www.pangea.global\/#website","url":"https:\/\/www.pangea.global\/","name":"Pangea Localization Services","description":"For Professionals, By Professionals","publisher":{"@id":"https:\/\/www.pangea.global\/#organization"},"potentialAction":[{"@type":"SearchAction","target":{"@type":"EntryPoint","urlTemplate":"https:\/\/www.pangea.global\/?s={search_term_string}"},"query-input":"required name=search_term_string"}],"inLanguage":"es"},{"@type":"ImageObject","inLanguage":"es","@id":"https:\/\/www.pangea.global\/es\/declaracion-calidad\/#primaryimage","url":"https:\/\/cdn.pangea.global\/wp-content\/uploads\/2023\/03\/27121714\/Persona-Quality-Statement-min-1024x490.png","contentUrl":"https:\/\/cdn.pangea.global\/wp-content\/uploads\/2023\/03\/27121714\/Persona-Quality-Statement-min-1024x490.png"},{"@type":"WebPage","@id":"https:\/\/www.pangea.global\/es\/declaracion-calidad\/#webpage","url":"https:\/\/www.pangea.global\/es\/declaracion-calidad\/","name":"Declaraci\u00f3n de calidad | Pangea Localization Services","isPartOf":{"@id":"https:\/\/www.pangea.global\/#website"},"primaryImageOfPage":{"@id":"https:\/\/www.pangea.global\/es\/declaracion-calidad\/#primaryimage"},"datePublished":"2023-01-06T12:45:07+00:00","dateModified":"2025-08-12T23:28:27+00:00","description":"Declaraci\u00f3n de calidad \u2713 Pangea Translation Services (Cyprus) LTD es un proveedor de servicios de traducci\u00f3n, localizaci\u00f3n y contenidos que se centra en ofrecer un servicio profesional de alta calidad y un plazo de entrega r\u00e1pido. \u00a1Pide ya un presupuesto gratuito! \u2713Un 100 % de clientes satisfechos \u2713M\u00e1s de 70 idiomas \u2713CERTIFICACI\u00d3N ISO \u2713Entrega el mismo d\u00eda","breadcrumb":{"@id":"https:\/\/www.pangea.global\/es\/declaracion-calidad\/#breadcrumb"},"inLanguage":"es","potentialAction":[{"@type":"ReadAction","target":["https:\/\/www.pangea.global\/es\/declaracion-calidad\/"]}]},{"@type":"BreadcrumbList","@id":"https:\/\/www.pangea.global\/es\/declaracion-calidad\/#breadcrumb","itemListElement":[{"@type":"ListItem","position":1,"name":"Home","item":"https:\/\/www.pangea.global\/es\/"},{"@type":"ListItem","position":2,"name":"Declaraci\u00f3n de calidad"}]}]}},"uagb_featured_image_src":{"full":false,"thumbnail":false,"medium":false,"medium_large":false,"large":false,"1536x1536":false,"2048x2048":false},"uagb_author_info":{"display_name":"Maksym","author_link":"https:\/\/www.pangea.global\/es\/blog\/author\/developer\/"},"uagb_comment_info":0,"uagb_excerpt":"declaraci\u00f3n de calidad Pangea Translation Services (Cyprus) LTD es un proveedor de servicios de traducci\u00f3n, localizaci\u00f3n y contenidos que se centra en ofrecer un servicio profesional de alta calidad y un plazo de entrega r\u00e1pido. Nuestra meta es ayudar a las empresas a globalizarse y llegar a nuevos mercados en todo el mundo, proporcionando contenidos&hellip;","_links":{"self":[{"href":"https:\/\/www.pangea.global\/es\/wp-json\/wp\/v2\/pages\/68342"}],"collection":[{"href":"https:\/\/www.pangea.global\/es\/wp-json\/wp\/v2\/pages"}],"about":[{"href":"https:\/\/www.pangea.global\/es\/wp-json\/wp\/v2\/types\/page"}],"author":[{"embeddable":true,"href":"https:\/\/www.pangea.global\/es\/wp-json\/wp\/v2\/users\/12"}],"replies":[{"embeddable":true,"href":"https:\/\/www.pangea.global\/es\/wp-json\/wp\/v2\/comments?post=68342"}],"version-history":[{"count":3,"href":"https:\/\/www.pangea.global\/es\/wp-json\/wp\/v2\/pages\/68342\/revisions"}],"predecessor-version":[{"id":73376,"href":"https:\/\/www.pangea.global\/es\/wp-json\/wp\/v2\/pages\/68342\/revisions\/73376"}],"wp:attachment":[{"href":"https:\/\/www.pangea.global\/es\/wp-json\/wp\/v2\/media?parent=68342"}],"curies":[{"name":"wp","href":"https:\/\/api.w.org\/{rel}","templated":true}]}}