  {"id":68384,"date":"2023-05-18T10:24:27","date_gmt":"2023-05-18T07:24:27","guid":{"rendered":"https:\/\/www.pangea.global\/?page_id=68384"},"modified":"2024-01-02T09:57:48","modified_gmt":"2024-01-02T07:57:48","slug":"erfahrungsberichte","status":"publish","type":"page","link":"https:\/\/www.pangea.global\/de\/erfahrungsberichte\/","title":{"rendered":"Erfahrungsberichte"},"content":{"rendered":"\n<section class=\"wp-block-uagb-columns uagb-columns__wrap uagb-columns__stack-mobile uagb-columns__valign- uagb-columns__gap-10 align uagb-block-376d2cbc uagb-columns__columns-1 uagb-columns__max_width-theme\"><div class=\"uagb-columns__overlay\"><\/div><div class=\"uagb-columns__inner-wrap uagb-columns__columns-1\">\n<div class=\"wp-block-uagb-column uagb-column__wrap uagb-column__background-undefined uagb-block-eddea3cb\"><div class=\"uagb-column__overlay\"><\/div><div class=\"wp-block-image\">\n<figure class=\"aligncenter size-large is-resized\"><img decoding=\"async\" src=\"https:\/\/cdn.pangea.global\/wp-content\/uploads\/2023\/05\/15093651\/Case-Studies-General-min-1024x511.png\" alt=\"\" class=\"wp-image-59978\" style=\"width:768px;height:400px\" width=\"768\" height=\"400\"\/><\/figure><\/div><\/div>\n<\/div><\/section>\n\n\n\n<section class=\"wp-block-uagb-columns uagb-columns__wrap uagb-columns__stack-mobile uagb-columns__valign- uagb-columns__gap-10 align uagb-block-07c03f23 uagb-columns__columns-1 uagb-columns__max_width-custom quality-statement-text\"><div class=\"uagb-columns__overlay\"><\/div><div class=\"uagb-columns__inner-wrap uagb-columns__columns-1\">\n<div class=\"wp-block-uagb-column uagb-column__wrap uagb-column__background-undefined uagb-block-78b39f94 quality-statement-content common-text text-justfiy case-title\"><div class=\"uagb-column__overlay\"><\/div>\n<h1 class=\"wp-block-heading has-text-align-center has-text-color\" style=\"color:#332525;font-style:normal;font-weight:600;text-transform:uppercase\">Erfahrungsberichte<\/h1>\n\n\n\n<h4 class=\"wp-block-heading has-text-align-center has-text-color\" style=\"color:#332525;font-size:25px;font-style:normal;font-weight:600;text-transform:uppercase\">Ein Eindruck davon, was unsere Kunden sagen<\/h4>\n<\/div>\n<\/div><\/section>\n\n\n\n<section class=\"wp-block-uagb-columns uagb-columns__wrap uagb-columns__stack-mobile uagb-columns__valign- uagb-columns__gap-10 align uagb-block-6d989fb5 uagb-columns__columns-1 uagb-columns__max_width-custom case-studies-section\"><div class=\"uagb-columns__overlay\"><\/div><div class=\"uagb-columns__inner-wrap uagb-columns__columns-1\">\n<div class=\"wp-block-uagb-column uagb-column__wrap uagb-column__background-undefined uagb-block-56d50642\"><div class=\"uagb-column__overlay\"><\/div>\n<section class=\"wp-block-uagb-columns uagb-columns__wrap uagb-columns__stack-mobile uagb-columns__valign- uagb-columns__gap-10 align uagb-block-f31c8092 uagb-columns__columns-3 uagb-columns__max_width-theme\"><div class=\"uagb-columns__overlay\"><\/div><div class=\"uagb-columns__inner-wrap uagb-columns__columns-3\">\n<div class=\"wp-block-uagb-column uagb-column__wrap uagb-column__background-undefined uagb-block-590db04e clients-review-inner\"><div class=\"uagb-column__overlay\"><\/div><div class=\"wp-block-image clients-review-images\">\n<figure class=\"aligncenter size-full\"><img decoding=\"async\" src=\"https:\/\/cdn.pangea.global\/wp-content\/uploads\/2023\/05\/16124748\/fantasma-games.png\" alt=\"\" class=\"wp-image-60147\"\/><\/figure><\/div>\n\n\n<h3 class=\"wp-block-heading\">Fantasma<\/h3>\n\n\n\n<p class=\"sub-title\">Gaming, iGaming<\/p>\n\n\n\n<p class=\"content\">Pangea und Fantasma Games arbeiten seit 2021 zusammen, zun\u00e4chst mit kleinen \u00dcbersetzungspaketen, die sich sp\u00e4ter zu vollst\u00e4ndigen \u00dcbersetzungen von Spielregeln entwickelten. Dank der Hilfe der 33 kompetenten Linguisten von Pangea konnte Fantasma Games durch die Zusammenarbeit die Reichweite seiner Spiele erheblich steigern.<\/p>\n\n\n<div class=\"wp-block-image right-arrow\">\n<figure class=\"alignright size-full\"><a href=\"https:\/\/www.pangea.global\/de\/?page_id=68385\"><img decoding=\"async\" src=\"https:\/\/cdn.pangea.global\/wp-content\/uploads\/2023\/02\/09115718\/right-arrow.png\" alt=\"\" class=\"wp-image-57532\"\/><\/a><\/figure><\/div><\/div>\n\n\n\n<div class=\"wp-block-uagb-column uagb-column__wrap uagb-column__background-undefined uagb-block-a3986070 clients-review-inner\"><div class=\"uagb-column__overlay\"><\/div><div class=\"wp-block-image clients-review-images\">\n<figure class=\"aligncenter size-full\"><img decoding=\"async\" src=\"https:\/\/cdn.pangea.global\/wp-content\/uploads\/2023\/05\/16124752\/Playtika_Logo.jpg\" alt=\"\" class=\"wp-image-60151\"\/><\/figure><\/div>\n\n\n<h3 class=\"wp-block-heading\">Playtika<\/h3>\n\n\n\n<p class=\"sub-title\">Gaming, iGaming<\/p>\n\n\n\n<p class=\"content\">Die Partnerschaft zwischen Pangea und Playtika begann im Jahr 2017 und entwickelte sich von 3 Sprachen pro Paket zur \u00dcbersetzung von Spielregeln und Voice-Overs auf \u00fcber 28 Sprachen. Seither haben sich die Lokalisierungsdienste von Pangea als unverzichtbar f\u00fcr den Erfolg von Playtika erwiesen.<\/p>\n\n\n<div class=\"wp-block-image right-arrow\">\n<figure class=\"alignright size-full\"><a href=\"https:\/\/www.pangea.global\/de\/?page_id=68387\"><img decoding=\"async\" src=\"https:\/\/cdn.pangea.global\/wp-content\/uploads\/2023\/02\/09115718\/right-arrow.png\" alt=\"\" class=\"wp-image-57532\"\/><\/a><\/figure><\/div><\/div>\n\n\n\n<div class=\"wp-block-uagb-column uagb-column__wrap uagb-column__background-undefined uagb-block-1a79a4a1 clients-review-inner\"><div class=\"uagb-column__overlay\"><\/div><div class=\"wp-block-image clients-review-images betgames\">\n<figure class=\"aligncenter size-full\"><img decoding=\"async\" src=\"https:\/\/cdn.pangea.global\/wp-content\/uploads\/2023\/05\/16124756\/Bet_Games_logo_dark_blue_8dcefda24e.png\" alt=\"\" class=\"wp-image-60155\"\/><\/figure><\/div>\n\n\n<h3 class=\"wp-block-heading\">Betgames<\/h3>\n\n\n\n<p class=\"sub-title\">iGaming<\/p>\n\n\n\n<p class=\"content\">BetGames ist im Jahr 2021 eine Partnerschaft mit Pangea eingegangen, um sein Spieleangebot durch hochwertige \u00dcbersetzungen zu bereichern. Die Partnerschaft florierte schnell und erweiterte sich \u00fcber Spielbeschreibungen hinaus auf Website-, Spiel- und Video\u00fcbersetzungen.<\/p>\n\n\n<div class=\"wp-block-image right-arrow\">\n<figure class=\"alignright size-full\"><a href=\"https:\/\/www.pangea.global\/de\/?page_id=68393\"><img decoding=\"async\" src=\"https:\/\/cdn.pangea.global\/wp-content\/uploads\/2023\/02\/09115718\/right-arrow.png\" alt=\"\" class=\"wp-image-57532\"\/><\/a><\/figure><\/div><\/div>\n<\/div><\/section>\n\n\n\n<section class=\"wp-block-uagb-columns uagb-columns__wrap uagb-columns__stack-mobile uagb-columns__valign- uagb-columns__gap-10 align uagb-block-f2611d74 uagb-columns__columns-3 uagb-columns__max_width-theme\"><div class=\"uagb-columns__overlay\"><\/div><div class=\"uagb-columns__inner-wrap uagb-columns__columns-3\">\n<div class=\"wp-block-uagb-column uagb-column__wrap uagb-column__background-undefined uagb-block-d5576958 clients-review-inner\"><div class=\"uagb-column__overlay\"><\/div><div class=\"wp-block-image clients-review-images\">\n<figure class=\"aligncenter size-full\"><img decoding=\"async\" width=\"292\" height=\"230\" src=\"https:\/\/cdn.pangea.global\/wp-content\/uploads\/2023\/06\/14164755\/eToro-Logo.png\" alt=\"\" class=\"wp-image-60649\"\/><\/figure><\/div>\n\n\n<h3 class=\"wp-block-heading\">eToro<\/h3>\n\n\n\n<p class=\"sub-title\">Finanzdienstleistungen<\/p>\n\n\n\n<p class=\"content\">Als eToros prim\u00e4rer Anbieter von Sprachl\u00f6sungen erm\u00f6glicht Pangea Global eToro die effiziente Kommunikation mit seinen Kunden in \u00fcber 30 Sprachen. Pangea unterst\u00fctzt eToro mit der t\u00e4glichen \u00dcbersetzung von Newslettern, Website-Inhalten, SMS, Marketingmaterialien und mehr.<\/p>\n\n\n<div class=\"wp-block-image right-arrow\">\n<figure class=\"alignright size-full\"><a href=\"https:\/\/www.pangea.global\/de\/?page_id=68432\"><img decoding=\"async\" src=\"https:\/\/cdn.pangea.global\/wp-content\/uploads\/2023\/02\/09115718\/right-arrow.png\" alt=\"\" class=\"wp-image-57532\"\/><\/a><\/figure><\/div><\/div>\n\n\n\n<div class=\"wp-block-uagb-column uagb-column__wrap uagb-column__background-undefined uagb-block-2195fcf9 clients-review-inner\"><div class=\"uagb-column__overlay\"><\/div><div class=\"wp-block-image clients-review-images tiomarkets\">\n<figure class=\"aligncenter size-full\"><img decoding=\"async\" width=\"291\" height=\"227\" src=\"https:\/\/cdn.pangea.global\/wp-content\/uploads\/2023\/06\/14164743\/TIO-Markets-Logo.png\" alt=\"\" class=\"wp-image-60637\"\/><\/figure><\/div>\n\n\n<h3 class=\"wp-block-heading\">TIO Markets<\/h3>\n\n\n\n<p class=\"sub-title\">Online-Handelsplattform<\/p>\n\n\n\n<p class=\"content\">Mit Pangea Global als zuverl\u00e4ssigem \u00dcbersetzungsdienstleister verf\u00fcgt TIO Markets \u00fcber eine effektive L\u00f6sung f\u00fcr seine Anforderungen im Bereich der Sprachen. Die Rolle von Pangea umfasst wichtige Projekte wie Website-\u00dcbersetzungen, App-Lokalisierung und Marketing-\u00dcbersetzungen in 32 Sprachen.<\/p>\n\n\n<div class=\"wp-block-image right-arrow\">\n<figure class=\"alignright size-full\"><a href=\"https:\/\/www.pangea.global\/de\/?page_id=68434\"><img decoding=\"async\" src=\"https:\/\/cdn.pangea.global\/wp-content\/uploads\/2023\/02\/09115718\/right-arrow.png\" alt=\"\" class=\"wp-image-57532\"\/><\/a><\/figure><\/div><\/div>\n\n\n\n<div class=\"wp-block-uagb-column uagb-column__wrap uagb-column__background-undefined uagb-block-b3de7260 clients-review-inner\"><div class=\"uagb-column__overlay\"><\/div><div class=\"wp-block-image clients-review-images exclusive-markets-logo\">\n<figure class=\"aligncenter size-full\"><img decoding=\"async\" width=\"286\" height=\"228\" src=\"https:\/\/cdn.pangea.global\/wp-content\/uploads\/2023\/06\/14164753\/Exclusive-Markets-Logo.png\" alt=\"\" class=\"wp-image-60645\"\/><\/figure><\/div>\n\n\n<h3 class=\"wp-block-heading\">Exclusive Markets<\/h3>\n\n\n\n<p class=\"sub-title\">Trading<\/p>\n\n\n\n<p class=\"content\">Pangea Global unterst\u00fctzt Exclusive Markets beim Ausbau seiner globalen Marketingstrategie durch pr\u00e4zise und landesspezifische \u00dcbersetzungen. Mit der Expertise in verschiedenen Medien hilft Pangea Global Exclusive Markets dabei, seine Zielgruppe in 20 verschiedenen Sprachen zu erreichen.<\/p>\n\n\n<div class=\"wp-block-image right-arrow\">\n<figure class=\"alignright size-full\"><a href=\"https:\/\/www.pangea.global\/de\/?page_id=68427\"><img decoding=\"async\" src=\"https:\/\/cdn.pangea.global\/wp-content\/uploads\/2023\/02\/09115718\/right-arrow.png\" alt=\"\" class=\"wp-image-57532\"\/><\/a><\/figure><\/div><\/div>\n<\/div><\/section>\n\n\n\n<section class=\"wp-block-uagb-columns uagb-columns__wrap uagb-columns__stack-mobile uagb-columns__valign- uagb-columns__gap-10 align uagb-block-e8f49a82 uagb-columns__columns-3 uagb-columns__max_width-theme\"><div class=\"uagb-columns__overlay\"><\/div><div class=\"uagb-columns__inner-wrap uagb-columns__columns-3\">\n<div class=\"wp-block-uagb-column uagb-column__wrap uagb-column__background-undefined uagb-block-821ed4da clients-review-inner\"><div class=\"uagb-column__overlay\"><\/div><div class=\"wp-block-image clients-review-images\">\n<figure class=\"aligncenter size-full is-resized\"><img decoding=\"async\" src=\"https:\/\/cdn.pangea.global\/wp-content\/uploads\/2023\/06\/14164748\/Pepperstone-Logo.png\" alt=\"\" class=\"wp-image-60641\" style=\"width:240px;height:184px\" width=\"240\" height=\"184\"\/><\/figure><\/div>\n\n\n<h3 class=\"wp-block-heading\">Pepperstone<\/h3>\n\n\n\n<p class=\"sub-title\">Online-Broker<\/p>\n\n\n\n<p class=\"content\">Pangea Global bietet seit 2018 ma\u00dfgeschneiderte L\u00f6sungen f\u00fcr die Sprachen von Pepperstone an, die es ihnen erm\u00f6glichen, mit ihrer globalen Kundschaft in 20 verschiedenen Sprachen in Kontakt zu treten. Pepperstone vertraut auf Pangea nicht nur f\u00fcr seine Marketing\u00fcbersetzungen, sondern auch f\u00fcr \u00dcbersetzungen im Bereich KYC und Compliance.<\/p>\n\n\n<div class=\"wp-block-image right-arrow\">\n<figure class=\"alignright size-full\"><a href=\"https:\/\/www.pangea.global\/de\/?page_id=68430\"><img decoding=\"async\" src=\"https:\/\/cdn.pangea.global\/wp-content\/uploads\/2023\/02\/09115718\/right-arrow.png\" alt=\"\" class=\"wp-image-57532\"\/><\/a><\/figure><\/div><\/div>\n\n\n\n<div class=\"wp-block-uagb-column uagb-column__wrap uagb-column__background-undefined uagb-block-51571ab1 clients-review-inner\"><div class=\"uagb-column__overlay\"><\/div><\/div>\n\n\n\n<div class=\"wp-block-uagb-column uagb-column__wrap uagb-column__background-undefined uagb-block-bc232e83\"><div class=\"uagb-column__overlay\"><\/div><\/div>\n<\/div><\/section>\n<\/div>\n<\/div><\/section>\n","protected":false},"excerpt":{"rendered":"<p>Erfahrungsberichte Ein Eindruck davon, was unsere Kunden sagen Fantasma Gaming, iGaming Pangea und Fantasma Games arbeiten seit 2021 zusammen, zun\u00e4chst mit kleinen \u00dcbersetzungspaketen, die sich sp\u00e4ter zu vollst\u00e4ndigen \u00dcbersetzungen von Spielregeln entwickelten. Dank der Hilfe der 33 kompetenten Linguisten von Pangea konnte Fantasma Games durch die Zusammenarbeit die Reichweite seiner Spiele erheblich steigern. Playtika Gaming,<a class=\"read-more\" href=\"https:\/\/www.pangea.global\/de\/erfahrungsberichte\/\"> &#8230; Read More<\/a><\/p>\n","protected":false},"author":12,"featured_media":0,"parent":0,"menu_order":0,"comment_status":"closed","ping_status":"closed","template":"game-localization-sevices-new.php","meta":{"content-type":"","_uag_custom_page_level_css":"","footnotes":""},"acf":[],"yoast_head":"<!-- This site is optimized with the Yoast SEO plugin v19.1 - https:\/\/yoast.com\/wordpress\/plugins\/seo\/ -->\n<title>Erfahrungsberichte | Pangea Localization Services<\/title>\n<meta name=\"robots\" content=\"index, follow, max-snippet:-1, max-image-preview:large, max-video-preview:-1\" \/>\n<link rel=\"canonical\" href=\"https:\/\/www.pangea.global\/de\/erfahrungsberichte\/\" \/>\n<meta name=\"twitter:label1\" content=\"Est. reading time\" \/>\n\t<meta name=\"twitter:data1\" content=\"2 Minuten\" \/>\n<!-- \/ Yoast SEO plugin. -->","yoast_head_json":{"title":"Erfahrungsberichte | Pangea Localization Services","robots":{"index":"index","follow":"follow","max-snippet":"max-snippet:-1","max-image-preview":"max-image-preview:large","max-video-preview":"max-video-preview:-1"},"canonical":"https:\/\/www.pangea.global\/de\/erfahrungsberichte\/","twitter_misc":{"Est. reading time":"2 Minuten"},"schema":{"@context":"https:\/\/schema.org","@graph":[{"@type":"Organization","@id":"https:\/\/www.pangea.global\/#organization","name":"Pangea Translation Services","url":"https:\/\/www.pangea.global\/","sameAs":["https:\/\/www.instagram.com\/pangea_global\/","https:\/\/www.linkedin.com\/company\/pangea-language-service\/","https:\/\/www.pinterest.com\/pangealocalizat\/pins\/","https:\/\/www.youtube.com\/channel\/UCKlcUH-8dbg7eZy-nZyDREw","https:\/\/www.facebook.com\/PangeaLocalizationServices\/","https:\/\/twitter.com\/Pangea_Local"],"logo":{"@type":"ImageObject","inLanguage":"de-DE","@id":"https:\/\/www.pangea.global\/#\/schema\/logo\/image\/","url":"https:\/\/cdn.pangea.global\/wp-content\/uploads\/2025\/08\/12120654\/pangea_logo_updated.png","contentUrl":"https:\/\/cdn.pangea.global\/wp-content\/uploads\/2025\/08\/12120654\/pangea_logo_updated.png","width":150,"height":150,"caption":"Pangea Translation Services"},"image":{"@id":"https:\/\/www.pangea.global\/#\/schema\/logo\/image\/"}},{"@type":"WebSite","@id":"https:\/\/www.pangea.global\/#website","url":"https:\/\/www.pangea.global\/","name":"Pangea Localization Services","description":"For Professionals, By Professionals","publisher":{"@id":"https:\/\/www.pangea.global\/#organization"},"potentialAction":[{"@type":"SearchAction","target":{"@type":"EntryPoint","urlTemplate":"https:\/\/www.pangea.global\/?s={search_term_string}"},"query-input":"required name=search_term_string"}],"inLanguage":"de-DE"},{"@type":"ImageObject","inLanguage":"de-DE","@id":"https:\/\/www.pangea.global\/de\/erfahrungsberichte\/#primaryimage","url":"https:\/\/cdn.pangea.global\/wp-content\/uploads\/2023\/05\/15093651\/Case-Studies-General-min-1024x511.png","contentUrl":"https:\/\/cdn.pangea.global\/wp-content\/uploads\/2023\/05\/15093651\/Case-Studies-General-min-1024x511.png"},{"@type":"WebPage","@id":"https:\/\/www.pangea.global\/de\/erfahrungsberichte\/#webpage","url":"https:\/\/www.pangea.global\/de\/erfahrungsberichte\/","name":"Erfahrungsberichte | Pangea Localization Services","isPartOf":{"@id":"https:\/\/www.pangea.global\/#website"},"primaryImageOfPage":{"@id":"https:\/\/www.pangea.global\/de\/erfahrungsberichte\/#primaryimage"},"datePublished":"2023-05-18T07:24:27+00:00","dateModified":"2024-01-02T07:57:48+00:00","breadcrumb":{"@id":"https:\/\/www.pangea.global\/de\/erfahrungsberichte\/#breadcrumb"},"inLanguage":"de-DE","potentialAction":[{"@type":"ReadAction","target":["https:\/\/www.pangea.global\/de\/erfahrungsberichte\/"]}]},{"@type":"BreadcrumbList","@id":"https:\/\/www.pangea.global\/de\/erfahrungsberichte\/#breadcrumb","itemListElement":[{"@type":"ListItem","position":1,"name":"Home","item":"https:\/\/www.pangea.global\/de\/"},{"@type":"ListItem","position":2,"name":"Erfahrungsberichte"}]}]}},"uagb_featured_image_src":{"full":false,"thumbnail":false,"medium":false,"medium_large":false,"large":false,"1536x1536":false,"2048x2048":false},"uagb_author_info":{"display_name":"Maksym","author_link":"https:\/\/www.pangea.global\/de\/blog\/author\/developer\/"},"uagb_comment_info":0,"uagb_excerpt":"Erfahrungsberichte Ein Eindruck davon, was unsere Kunden sagen Fantasma Gaming, iGaming Pangea und Fantasma Games arbeiten seit 2021 zusammen, zun\u00e4chst mit kleinen \u00dcbersetzungspaketen, die sich sp\u00e4ter zu vollst\u00e4ndigen \u00dcbersetzungen von Spielregeln entwickelten. Dank der Hilfe der 33 kompetenten Linguisten von Pangea konnte Fantasma Games durch die Zusammenarbeit die Reichweite seiner Spiele erheblich steigern. Playtika Gaming,&hellip;","_links":{"self":[{"href":"https:\/\/www.pangea.global\/de\/wp-json\/wp\/v2\/pages\/68384"}],"collection":[{"href":"https:\/\/www.pangea.global\/de\/wp-json\/wp\/v2\/pages"}],"about":[{"href":"https:\/\/www.pangea.global\/de\/wp-json\/wp\/v2\/types\/page"}],"author":[{"embeddable":true,"href":"https:\/\/www.pangea.global\/de\/wp-json\/wp\/v2\/users\/12"}],"replies":[{"embeddable":true,"href":"https:\/\/www.pangea.global\/de\/wp-json\/wp\/v2\/comments?post=68384"}],"version-history":[{"count":3,"href":"https:\/\/www.pangea.global\/de\/wp-json\/wp\/v2\/pages\/68384\/revisions"}],"predecessor-version":[{"id":70338,"href":"https:\/\/www.pangea.global\/de\/wp-json\/wp\/v2\/pages\/68384\/revisions\/70338"}],"wp:attachment":[{"href":"https:\/\/www.pangea.global\/de\/wp-json\/wp\/v2\/media?parent=68384"}],"curies":[{"name":"wp","href":"https:\/\/api.w.org\/{rel}","templated":true}]}}