  {"id":68363,"date":"2023-04-04T15:24:22","date_gmt":"2023-04-04T12:24:22","guid":{"rendered":"https:\/\/www.pangea.global\/?page_id=68363"},"modified":"2025-08-07T01:32:25","modified_gmt":"2025-08-06T22:32:25","slug":"zertifizierungen","status":"publish","type":"page","link":"https:\/\/www.pangea.global\/de\/zertifizierungen\/","title":{"rendered":"Zertifizierungen"},"content":{"rendered":"\n<section class=\"wp-block-uagb-columns uagb-columns__wrap uagb-columns__background-none uagb-columns__stack-mobile uagb-columns__valign- uagb-columns__gap-10 align uagb-block-f3cc10f2 uagb-columns__columns-1 uagb-columns__max_width-theme\"><div class=\"uagb-columns__overlay\"><\/div><div class=\"uagb-columns__inner-wrap uagb-columns__columns-1\">\n<div class=\"wp-block-uagb-column uagb-column__wrap uagb-column__background-undefined uagb-block-613dcede\"><div class=\"uagb-column__overlay\"><\/div><div class=\"wp-block-image\">\n<figure class=\"aligncenter size-large is-resized\"><img decoding=\"async\" src=\"https:\/\/cdn.pangea.global\/wp-content\/uploads\/2023\/03\/27131905\/Persona-Certifications-1024x518.png\" alt=\"\" class=\"wp-image-58921\" style=\"width:724px;height:500px\" width=\"724\" height=\"500\"\/><\/figure><\/div><\/div>\n<\/div><\/section>\n\n\n\n<section class=\"wp-block-uagb-columns uagb-columns__wrap uagb-columns__background-none uagb-columns__stack-mobile uagb-columns__valign- uagb-columns__gap-10 align uagb-block-b9f1391b uagb-columns__columns-1 uagb-columns__max_width-custom quality-statement-text\"><div class=\"uagb-columns__overlay\"><\/div><div class=\"uagb-columns__inner-wrap uagb-columns__columns-1\">\n<div class=\"wp-block-uagb-column uagb-column__wrap uagb-column__background-undefined uagb-block-48462ac9 quality-statement-content common-text text-justfiy\"><div class=\"uagb-column__overlay\"><\/div>\n<h1 class=\"wp-block-heading has-text-align-center has-text-color\" style=\"color:#332525;font-style:normal;font-weight:600;text-transform:uppercase\">Zertifizierte \u00dcbersetzungsdienstleistungen<\/h1>\n\n\n\n<p class=\"common-text\">Pangea Localization Services hat seine ISO-Zertifizierung dank seiner kontinuierlichen Bem\u00fchungen um hochwertige und professionelle Sprachl\u00f6sungen erhalten.<\/p>\n\n\n\n<p class=\"common-text\">Die Zertifizierung nach ISO 17100:2015-05-01 wird an Sprachdienstleister vergeben, die die strengsten Qualit\u00e4tssicherungsprozesse erf\u00fcllen. Pangea ist stolz darauf, alle vom LICS (Language Industry Certification System) festgelegten Standards zu erf\u00fcllen, um sicherzustellen, dass die Qualit\u00e4t unserer \u00dcbersetzungen und Dienstleistungen jederzeit gew\u00e4hrleistet ist.<\/p>\n\n\n\n<p style=\"font-size:25px;font-style:normal;font-weight:700;text-transform:uppercase\"><strong>Unsere Verpflichtung zur Qualit\u00e4t<\/strong><\/p>\n\n\n\n<p>Wir sind stets bestrebt, die Bed\u00fcrfnisse unserer Kunden zu erf\u00fcllen und das zu liefern, was versprochen wird. Pangea f\u00fchrt bei der Auswahl von \u00dcbersetzern und Korrekturlesern strenge Pr\u00fcfungen durch, w\u00e4hrend unsere Projektmanager die strengsten Richtlinien befolgen, um die Gesamtqualit\u00e4t unserer \u00dcbersetzungs- und Lokalisierungsdienstleistungen zu gew\u00e4hrleisten.<\/p>\n\n\n\n<p>Die ISO-Zertifizierung ist ein G\u00fctesiegel, auf desssen Erhalt wir nicht stolzer sein k\u00f6nnen. Unsere Kunden k\u00f6nnen sich der Kompetenz und Zufriedenstellung in Bezug auf unsere Sprachl\u00f6sungen sicher sein, da jede einzelne Arbeit nach den h\u00f6chsten Qualit\u00e4tssicherungsstandards bearbeitet wird<\/p>\n\n\n\n<p style=\"font-size:25px;font-style:normal;font-weight:700;text-transform:uppercase\"><strong>Der Weg geht weiter<\/strong><\/p>\n\n\n\n<p>Auch nachdem Pangea ein offiziell zertifizierter \u00dcbersetzungsdienstleister geworden ist, wird das Unternehmen weiterhin nach zus\u00e4tzlichen Spitzenleistungen streben und stets an der Verbesserung seiner Leistungen arbeiten. Qualit\u00e4t steht an oberster Stelle, und unser Team wird alles tun, was n\u00f6tig ist, um eine h\u00f6here Kundenzufriedenheit zu erreichen.<\/p>\n<\/div>\n<\/div><\/section>\n","protected":false},"excerpt":{"rendered":"<p>Zertifizierte \u00dcbersetzungsdienstleistungen Pangea Localization Services hat seine ISO-Zertifizierung dank seiner kontinuierlichen Bem\u00fchungen um hochwertige und professionelle Sprachl\u00f6sungen erhalten. Die Zertifizierung nach ISO 17100:2015-05-01 wird an Sprachdienstleister vergeben, die die strengsten Qualit\u00e4tssicherungsprozesse erf\u00fcllen. Pangea ist stolz darauf, alle vom LICS (Language Industry Certification System) festgelegten Standards zu erf\u00fcllen, um sicherzustellen, dass die Qualit\u00e4t unserer \u00dcbersetzungen und<a class=\"read-more\" href=\"https:\/\/www.pangea.global\/de\/zertifizierungen\/\"> &#8230; Read More<\/a><\/p>\n","protected":false},"author":12,"featured_media":27035,"parent":0,"menu_order":0,"comment_status":"closed","ping_status":"closed","template":"game-localization-sevices-new.php","meta":{"content-type":"","_uag_custom_page_level_css":"","footnotes":""},"acf":[],"yoast_head":"<!-- This site is optimized with the Yoast SEO plugin v19.1 - https:\/\/yoast.com\/wordpress\/plugins\/seo\/ -->\n<title>Zertifizierte \u00dcbersetzungsdienstleistungen - ISO 17100:2015<\/title>\n<meta name=\"description\" content=\"Zertifizierte \u00dcbersetzungsdienstleistungen - Pangea Localization Services hat seine ISO-Zertifizierung dank seiner kontinuierlichen Bem\u00fchungen um hochwertige und professionelle Sprachl\u00f6sungen erhalten. Fordern Sie jetzt ein unverbindliches Angebot an! \u2713100 % Kundenzufriedenheit \u271370+ Sprachen \u2713ISO-ZERTIFIZIERUNG Lieferung am selben Tag\" \/>\n<meta name=\"robots\" content=\"index, follow, max-snippet:-1, max-image-preview:large, max-video-preview:-1\" \/>\n<link rel=\"canonical\" href=\"https:\/\/www.pangea.global\/de\/zertifizierungen\/\" \/>\n<meta name=\"twitter:label1\" content=\"Est. reading time\" \/>\n\t<meta name=\"twitter:data1\" content=\"1 Minute\" \/>\n<!-- \/ Yoast SEO plugin. -->","yoast_head_json":{"title":"Zertifizierte \u00dcbersetzungsdienstleistungen - ISO 17100:2015","description":"Zertifizierte \u00dcbersetzungsdienstleistungen - Pangea Localization Services hat seine ISO-Zertifizierung dank seiner kontinuierlichen Bem\u00fchungen um hochwertige und professionelle Sprachl\u00f6sungen erhalten. Fordern Sie jetzt ein unverbindliches Angebot an! \u2713100 % Kundenzufriedenheit \u271370+ Sprachen \u2713ISO-ZERTIFIZIERUNG Lieferung am selben Tag","robots":{"index":"index","follow":"follow","max-snippet":"max-snippet:-1","max-image-preview":"max-image-preview:large","max-video-preview":"max-video-preview:-1"},"canonical":"https:\/\/www.pangea.global\/de\/zertifizierungen\/","twitter_misc":{"Est. reading time":"1 Minute"},"schema":{"@context":"https:\/\/schema.org","@graph":[{"@type":"Organization","@id":"https:\/\/www.pangea.global\/#organization","name":"Pangea Translation Services","url":"https:\/\/www.pangea.global\/","sameAs":["https:\/\/www.instagram.com\/pangea_global\/","https:\/\/www.linkedin.com\/company\/pangea-language-service\/","https:\/\/www.pinterest.com\/pangealocalizat\/pins\/","https:\/\/www.youtube.com\/channel\/UCKlcUH-8dbg7eZy-nZyDREw","https:\/\/www.facebook.com\/PangeaLocalizationServices\/","https:\/\/twitter.com\/Pangea_Local"],"logo":{"@type":"ImageObject","inLanguage":"de-DE","@id":"https:\/\/www.pangea.global\/#\/schema\/logo\/image\/","url":"https:\/\/cdn.pangea.global\/wp-content\/uploads\/2025\/08\/12120654\/pangea_logo_updated.png","contentUrl":"https:\/\/cdn.pangea.global\/wp-content\/uploads\/2025\/08\/12120654\/pangea_logo_updated.png","width":150,"height":150,"caption":"Pangea Translation Services"},"image":{"@id":"https:\/\/www.pangea.global\/#\/schema\/logo\/image\/"}},{"@type":"WebSite","@id":"https:\/\/www.pangea.global\/#website","url":"https:\/\/www.pangea.global\/","name":"Pangea Localization Services","description":"For Professionals, By Professionals","publisher":{"@id":"https:\/\/www.pangea.global\/#organization"},"potentialAction":[{"@type":"SearchAction","target":{"@type":"EntryPoint","urlTemplate":"https:\/\/www.pangea.global\/?s={search_term_string}"},"query-input":"required name=search_term_string"}],"inLanguage":"de-DE"},{"@type":"ImageObject","inLanguage":"de-DE","@id":"https:\/\/www.pangea.global\/de\/zertifizierungen\/#primaryimage","url":"https:\/\/www.pangea.global\/wp-content\/uploads\/2021\/03\/translation_main.jpg","contentUrl":"https:\/\/www.pangea.global\/wp-content\/uploads\/2021\/03\/translation_main.jpg","width":1903,"height":619,"caption":"\u00dcbersetzungs- & Lokalisierungsdienst"},{"@type":"WebPage","@id":"https:\/\/www.pangea.global\/de\/zertifizierungen\/#webpage","url":"https:\/\/www.pangea.global\/de\/zertifizierungen\/","name":"Zertifizierte \u00dcbersetzungsdienstleistungen - ISO 17100:2015","isPartOf":{"@id":"https:\/\/www.pangea.global\/#website"},"primaryImageOfPage":{"@id":"https:\/\/www.pangea.global\/de\/zertifizierungen\/#primaryimage"},"datePublished":"2023-04-04T12:24:22+00:00","dateModified":"2025-08-06T22:32:25+00:00","description":"Zertifizierte \u00dcbersetzungsdienstleistungen - Pangea Localization Services hat seine ISO-Zertifizierung dank seiner kontinuierlichen Bem\u00fchungen um hochwertige und professionelle Sprachl\u00f6sungen erhalten. Fordern Sie jetzt ein unverbindliches Angebot an! \u2713100 % Kundenzufriedenheit \u271370+ Sprachen \u2713ISO-ZERTIFIZIERUNG Lieferung am selben Tag","breadcrumb":{"@id":"https:\/\/www.pangea.global\/de\/zertifizierungen\/#breadcrumb"},"inLanguage":"de-DE","potentialAction":[{"@type":"ReadAction","target":["https:\/\/www.pangea.global\/de\/zertifizierungen\/"]}]},{"@type":"BreadcrumbList","@id":"https:\/\/www.pangea.global\/de\/zertifizierungen\/#breadcrumb","itemListElement":[{"@type":"ListItem","position":1,"name":"Home","item":"https:\/\/www.pangea.global\/de\/"},{"@type":"ListItem","position":2,"name":"Zertifizierungen"}]}]}},"uagb_featured_image_src":{"full":["https:\/\/www.pangea.global\/wp-content\/uploads\/2021\/03\/translation_main.jpg",1903,619,false],"thumbnail":["https:\/\/www.pangea.global\/wp-content\/uploads\/2021\/03\/translation_main-150x150.jpg",150,150,true],"medium":["https:\/\/www.pangea.global\/wp-content\/uploads\/2021\/03\/translation_main-300x98.jpg",300,98,true],"medium_large":["https:\/\/www.pangea.global\/wp-content\/uploads\/2021\/03\/translation_main-768x250.jpg",768,250,true],"large":["https:\/\/www.pangea.global\/wp-content\/uploads\/2021\/03\/translation_main-1024x333.jpg",1024,333,true],"1536x1536":["https:\/\/www.pangea.global\/wp-content\/uploads\/2021\/03\/translation_main-1536x500.jpg",1536,500,true],"2048x2048":["https:\/\/www.pangea.global\/wp-content\/uploads\/2021\/03\/translation_main.jpg",1903,619,false]},"uagb_author_info":{"display_name":"Maksym","author_link":"https:\/\/www.pangea.global\/de\/blog\/author\/developer\/"},"uagb_comment_info":0,"uagb_excerpt":"Zertifizierte \u00dcbersetzungsdienstleistungen Pangea Localization Services hat seine ISO-Zertifizierung dank seiner kontinuierlichen Bem\u00fchungen um hochwertige und professionelle Sprachl\u00f6sungen erhalten. Die Zertifizierung nach ISO 17100:2015-05-01 wird an Sprachdienstleister vergeben, die die strengsten Qualit\u00e4tssicherungsprozesse erf\u00fcllen. Pangea ist stolz darauf, alle vom LICS (Language Industry Certification System) festgelegten Standards zu erf\u00fcllen, um sicherzustellen, dass die Qualit\u00e4t unserer \u00dcbersetzungen und&hellip;","_links":{"self":[{"href":"https:\/\/www.pangea.global\/de\/wp-json\/wp\/v2\/pages\/68363"}],"collection":[{"href":"https:\/\/www.pangea.global\/de\/wp-json\/wp\/v2\/pages"}],"about":[{"href":"https:\/\/www.pangea.global\/de\/wp-json\/wp\/v2\/types\/page"}],"author":[{"embeddable":true,"href":"https:\/\/www.pangea.global\/de\/wp-json\/wp\/v2\/users\/12"}],"replies":[{"embeddable":true,"href":"https:\/\/www.pangea.global\/de\/wp-json\/wp\/v2\/comments?post=68363"}],"version-history":[{"count":3,"href":"https:\/\/www.pangea.global\/de\/wp-json\/wp\/v2\/pages\/68363\/revisions"}],"predecessor-version":[{"id":72898,"href":"https:\/\/www.pangea.global\/de\/wp-json\/wp\/v2\/pages\/68363\/revisions\/72898"}],"wp:featuredmedia":[{"embeddable":true,"href":"https:\/\/www.pangea.global\/de\/wp-json\/wp\/v2\/media\/27035"}],"wp:attachment":[{"href":"https:\/\/www.pangea.global\/de\/wp-json\/wp\/v2\/media?parent=68363"}],"curies":[{"name":"wp","href":"https:\/\/api.w.org\/{rel}","templated":true}]}}