  {"id":68332,"date":"2023-04-04T15:30:57","date_gmt":"2023-04-04T12:30:57","guid":{"rendered":"https:\/\/www.pangea.global\/?page_id=68332"},"modified":"2024-01-02T09:55:36","modified_gmt":"2024-01-02T07:55:36","slug":"kundenbewertungen","status":"publish","type":"page","link":"https:\/\/www.pangea.global\/de\/kundenbewertungen\/","title":{"rendered":"Rezensionen"},"content":{"rendered":"\n<section class=\"wp-block-uagb-columns uagb-columns__wrap uagb-columns__background-none uagb-columns__stack-mobile uagb-columns__valign- uagb-columns__gap-10 align uagb-block-ad9d7283 uagb-columns__columns-1 uagb-columns__max_width-theme\"><div class=\"uagb-columns__overlay\"><\/div><div class=\"uagb-columns__inner-wrap uagb-columns__columns-1\">\n<div class=\"wp-block-uagb-column uagb-column__wrap uagb-column__background-undefined uagb-block-9810fb67\"><div class=\"uagb-column__overlay\"><\/div><div class=\"wp-block-image\">\n<figure class=\"aligncenter size-large is-resized\"><img decoding=\"async\" src=\"https:\/\/cdn.pangea.global\/wp-content\/uploads\/2023\/03\/28133923\/Persona-Our-Clients-1024x511.png\" alt=\"\" class=\"wp-image-58954\" style=\"width:724px\" width=\"724\"\/><\/figure><\/div><\/div>\n<\/div><\/section>\n\n\n\n<section class=\"wp-block-uagb-columns uagb-columns__wrap uagb-columns__background-none uagb-columns__stack-mobile uagb-columns__valign- uagb-columns__gap-10 align uagb-block-46dcf8a3 uagb-columns__columns-1 uagb-columns__max_width-custom quality-statement-text container\"><div class=\"uagb-columns__overlay\"><\/div><div class=\"uagb-columns__inner-wrap uagb-columns__columns-1\">\n<div class=\"wp-block-uagb-column uagb-column__wrap uagb-column__background-undefined uagb-block-37ccdc34 quality-statement-content common-text\"><div class=\"uagb-column__overlay\"><\/div>\n<h1 class=\"wp-block-heading has-text-align-center has-text-color\" style=\"color:#332525;font-style:normal;font-weight:600;text-transform:uppercase\">Die Bewertungen unserer Kunden.<\/h1>\n\n\n\n<div class=\"wp-block-group our-client-sec is-layout-flow wp-block-group-is-layout-flow\"><div class=\"wp-block-group__inner-container\">\n<script type=\"text\/javascript\" src=\"https:\/\/widget.clutch.co\/static\/js\/widget.js\" async><\/script> <div class=\"clutch-widget\" data-url=\"https:\/\/widget.clutch.co\" data-widget-type=\"12\" data-height=\"375\" data-nofollow=\"true\" data-expandifr=\"true\" data-scale=\"100\" data-scale=\"100\" data-primary-color=\"#439a99\" data-secondary-color=\"#439a99\" data-reviews=\"2270074,2265755,2002990,1958734,1917978,1910509,1882621\" data-clutchcompany-id=\"429629\"><\/div>\n<\/div><\/div>\n<\/div>\n<\/div><\/section>\n","protected":false},"excerpt":{"rendered":"<p>Die Bewertungen unserer Kunden.<\/p>\n","protected":false},"author":12,"featured_media":27035,"parent":0,"menu_order":0,"comment_status":"closed","ping_status":"closed","template":"game-localization-sevices-new.php","meta":{"content-type":"","_uag_custom_page_level_css":"","footnotes":""},"acf":[],"yoast_head":"<!-- This site is optimized with the Yoast SEO plugin v19.1 - https:\/\/yoast.com\/wordpress\/plugins\/seo\/ -->\n<title>Kundenbewertungen - Pangea Localization Service<\/title>\n<meta name=\"description\" content=\"Die Bewertungen unserer Kunden. Wir erbringen Lokalisierungs- und \u00dcbersetzungsdienstleistungen in 100%iger Qualit\u00e4t f\u00fcr unsere Kunden. 100% Auftragsabwicklung in k\u00fcrzester Zeit! Fordern Sie jetzt ein unverbindliches Angebot an! \u2713100 % Kundenzufriedenheit \u271370+ Sprachen \u2713ISO-ZERTIFIZIERUNG Lieferung am selben Tag\" \/>\n<meta name=\"robots\" content=\"index, follow, max-snippet:-1, max-image-preview:large, max-video-preview:-1\" \/>\n<link rel=\"canonical\" href=\"https:\/\/www.pangea.global\/de\/kundenbewertungen\/\" \/>\n<!-- \/ Yoast SEO plugin. -->","yoast_head_json":{"title":"Kundenbewertungen - Pangea Localization Service","description":"Die Bewertungen unserer Kunden. Wir erbringen Lokalisierungs- und \u00dcbersetzungsdienstleistungen in 100%iger Qualit\u00e4t f\u00fcr unsere Kunden. 100% Auftragsabwicklung in k\u00fcrzester Zeit! Fordern Sie jetzt ein unverbindliches Angebot an! \u2713100 % Kundenzufriedenheit \u271370+ Sprachen \u2713ISO-ZERTIFIZIERUNG Lieferung am selben Tag","robots":{"index":"index","follow":"follow","max-snippet":"max-snippet:-1","max-image-preview":"max-image-preview:large","max-video-preview":"max-video-preview:-1"},"canonical":"https:\/\/www.pangea.global\/de\/kundenbewertungen\/","schema":{"@context":"https:\/\/schema.org","@graph":[{"@type":"Organization","@id":"https:\/\/www.pangea.global\/#organization","name":"Pangea Translation Services","url":"https:\/\/www.pangea.global\/","sameAs":["https:\/\/www.instagram.com\/pangea_global\/","https:\/\/www.linkedin.com\/company\/pangea-language-service\/","https:\/\/www.pinterest.com\/pangealocalizat\/pins\/","https:\/\/www.youtube.com\/channel\/UCKlcUH-8dbg7eZy-nZyDREw","https:\/\/www.facebook.com\/PangeaLocalizationServices\/","https:\/\/twitter.com\/Pangea_Local"],"logo":{"@type":"ImageObject","inLanguage":"de-DE","@id":"https:\/\/www.pangea.global\/#\/schema\/logo\/image\/","url":"https:\/\/cdn.pangea.global\/wp-content\/uploads\/2025\/08\/12120654\/pangea_logo_updated.png","contentUrl":"https:\/\/cdn.pangea.global\/wp-content\/uploads\/2025\/08\/12120654\/pangea_logo_updated.png","width":150,"height":150,"caption":"Pangea Translation Services"},"image":{"@id":"https:\/\/www.pangea.global\/#\/schema\/logo\/image\/"}},{"@type":"WebSite","@id":"https:\/\/www.pangea.global\/#website","url":"https:\/\/www.pangea.global\/","name":"Pangea Localization Services","description":"For Professionals, By Professionals","publisher":{"@id":"https:\/\/www.pangea.global\/#organization"},"potentialAction":[{"@type":"SearchAction","target":{"@type":"EntryPoint","urlTemplate":"https:\/\/www.pangea.global\/?s={search_term_string}"},"query-input":"required name=search_term_string"}],"inLanguage":"de-DE"},{"@type":"ImageObject","inLanguage":"de-DE","@id":"https:\/\/www.pangea.global\/de\/kundenbewertungen\/#primaryimage","url":"https:\/\/www.pangea.global\/wp-content\/uploads\/2021\/03\/translation_main.jpg","contentUrl":"https:\/\/www.pangea.global\/wp-content\/uploads\/2021\/03\/translation_main.jpg","width":1903,"height":619,"caption":"\u00dcbersetzungs- & Lokalisierungsdienst"},{"@type":"WebPage","@id":"https:\/\/www.pangea.global\/de\/kundenbewertungen\/#webpage","url":"https:\/\/www.pangea.global\/de\/kundenbewertungen\/","name":"Kundenbewertungen - Pangea Localization Service","isPartOf":{"@id":"https:\/\/www.pangea.global\/#website"},"primaryImageOfPage":{"@id":"https:\/\/www.pangea.global\/de\/kundenbewertungen\/#primaryimage"},"datePublished":"2023-04-04T12:30:57+00:00","dateModified":"2024-01-02T07:55:36+00:00","description":"Die Bewertungen unserer Kunden. Wir erbringen Lokalisierungs- und \u00dcbersetzungsdienstleistungen in 100%iger Qualit\u00e4t f\u00fcr unsere Kunden. 100% Auftragsabwicklung in k\u00fcrzester Zeit! Fordern Sie jetzt ein unverbindliches Angebot an! \u2713100 % Kundenzufriedenheit \u271370+ Sprachen \u2713ISO-ZERTIFIZIERUNG Lieferung am selben Tag","breadcrumb":{"@id":"https:\/\/www.pangea.global\/de\/kundenbewertungen\/#breadcrumb"},"inLanguage":"de-DE","potentialAction":[{"@type":"ReadAction","target":["https:\/\/www.pangea.global\/de\/kundenbewertungen\/"]}]},{"@type":"BreadcrumbList","@id":"https:\/\/www.pangea.global\/de\/kundenbewertungen\/#breadcrumb","itemListElement":[{"@type":"ListItem","position":1,"name":"Home","item":"https:\/\/www.pangea.global\/de\/"},{"@type":"ListItem","position":2,"name":"Rezensionen"}]}]}},"uagb_featured_image_src":{"full":["https:\/\/www.pangea.global\/wp-content\/uploads\/2021\/03\/translation_main.jpg",1903,619,false],"thumbnail":["https:\/\/www.pangea.global\/wp-content\/uploads\/2021\/03\/translation_main-150x150.jpg",150,150,true],"medium":["https:\/\/www.pangea.global\/wp-content\/uploads\/2021\/03\/translation_main-300x98.jpg",300,98,true],"medium_large":["https:\/\/www.pangea.global\/wp-content\/uploads\/2021\/03\/translation_main-768x250.jpg",768,250,true],"large":["https:\/\/www.pangea.global\/wp-content\/uploads\/2021\/03\/translation_main-1024x333.jpg",1024,333,true],"1536x1536":["https:\/\/www.pangea.global\/wp-content\/uploads\/2021\/03\/translation_main-1536x500.jpg",1536,500,true],"2048x2048":["https:\/\/www.pangea.global\/wp-content\/uploads\/2021\/03\/translation_main.jpg",1903,619,false]},"uagb_author_info":{"display_name":"Maksym","author_link":"https:\/\/www.pangea.global\/de\/blog\/author\/developer\/"},"uagb_comment_info":0,"uagb_excerpt":"Die Bewertungen unserer Kunden.","_links":{"self":[{"href":"https:\/\/www.pangea.global\/de\/wp-json\/wp\/v2\/pages\/68332"}],"collection":[{"href":"https:\/\/www.pangea.global\/de\/wp-json\/wp\/v2\/pages"}],"about":[{"href":"https:\/\/www.pangea.global\/de\/wp-json\/wp\/v2\/types\/page"}],"author":[{"embeddable":true,"href":"https:\/\/www.pangea.global\/de\/wp-json\/wp\/v2\/users\/12"}],"replies":[{"embeddable":true,"href":"https:\/\/www.pangea.global\/de\/wp-json\/wp\/v2\/comments?post=68332"}],"version-history":[{"count":3,"href":"https:\/\/www.pangea.global\/de\/wp-json\/wp\/v2\/pages\/68332\/revisions"}],"predecessor-version":[{"id":70337,"href":"https:\/\/www.pangea.global\/de\/wp-json\/wp\/v2\/pages\/68332\/revisions\/70337"}],"wp:featuredmedia":[{"embeddable":true,"href":"https:\/\/www.pangea.global\/de\/wp-json\/wp\/v2\/media\/27035"}],"wp:attachment":[{"href":"https:\/\/www.pangea.global\/de\/wp-json\/wp\/v2\/media?parent=68332"}],"curies":[{"name":"wp","href":"https:\/\/api.w.org\/{rel}","templated":true}]}}